{"id":574,"date":"2025-08-07T21:21:30","date_gmt":"2025-08-07T21:21:30","guid":{"rendered":"https:\/\/wunnen.mtcluxemburg.co\/?page_id=574"},"modified":"2026-01-27T13:18:45","modified_gmt":"2026-01-27T13:18:45","slug":"wohnprojekte","status":"publish","type":"page","link":"https:\/\/wunnen.mtcluxemburg.co\/fr\/wohnprojekte\/","title":{"rendered":"Inklusiv Wunnen"},"content":{"rendered":"<div data-elementor-type=\"wp-page\" data-elementor-id=\"574\" class=\"elementor elementor-574\" data-elementor-post-type=\"page\">\n\t\t\t\t<div class=\"elementor-element elementor-element-0fdc1c8 e-flex e-con-boxed e-con e-parent\" data-id=\"0fdc1c8\" data-element_type=\"container\" data-settings=\"{&quot;background_background&quot;:&quot;classic&quot;}\">\n\t\t\t\t\t<div class=\"e-con-inner\">\n\t\t\t\t<div class=\"elementor-element elementor-element-23de004 elementor-widget elementor-widget-ts-advanced-list\" data-id=\"23de004\" data-element_type=\"widget\" data-widget_type=\"ts-advanced-list.default\">\n\t\t\t\t\t<ul class=\"flexify simplify-ul ts-advanced-list\">\n\t\n\t\t\t\t\t\t\t<li class=\"elementor-repeater-item-e277852 flexify ts-action\"\n\t\t\t\t\t>\t\t\t<a href=\"javascript:history.back();\" class=\"ts-action-con\">\n\t\t\t\t<div class=\"ts-action-icon\"><\/div>\n\t\t\t\tZur\u00fcck\t\t\t<\/a>\n\t\t\t<\/li>\t\t\t<\/ul>\n\t\t\t\t<\/div>\n\t\t\t\t<div class=\"elementor-element elementor-element-1772ccd elementor-widget elementor-widget-heading\" data-id=\"1772ccd\" data-element_type=\"widget\" data-widget_type=\"heading.default\">\n\t\t\t\t\t<h2 class=\"elementor-heading-title elementor-size-default\">Inklusiv Wunnen<\/h2>\t\t\t\t<\/div>\n\t\t<div class=\"elementor-element elementor-element-cd0db88 e-grid e-con-full e-con e-child\" data-id=\"cd0db88\" data-element_type=\"container\">\n\t\t<div class=\"elementor-element elementor-element-25d1fd0 e-con-full e-flex e-con e-child\" data-id=\"25d1fd0\" data-element_type=\"container\" data-settings=\"{&quot;background_background&quot;:&quot;classic&quot;}\">\n\t\t\t\t<div class=\"elementor-element elementor-element-1410dbf elementor-widget elementor-widget-heading\" data-id=\"1410dbf\" data-element_type=\"widget\" data-widget_type=\"heading.default\">\n\t\t\t\t\t<h2 class=\"elementor-heading-title elementor-size-default\"><a href=\"#ausgangsidee\">Ausgangsidee<\/a><\/h2>\t\t\t\t<\/div>\n\t\t\t\t<\/div>\n\t\t<div class=\"elementor-element elementor-element-8aa072a e-con-full e-flex e-con e-child\" data-id=\"8aa072a\" data-element_type=\"container\" data-settings=\"{&quot;background_background&quot;:&quot;classic&quot;}\">\n\t\t\t\t<div class=\"elementor-element elementor-element-f79db72 elementor-widget elementor-widget-heading\" data-id=\"f79db72\" data-element_type=\"widget\" data-widget_type=\"heading.default\">\n\t\t\t\t\t<h2 class=\"elementor-heading-title elementor-size-default\"><a href=\"#entwurf\">Projekt Inklusive WG<\/a><\/h2>\t\t\t\t<\/div>\n\t\t\t\t<\/div>\n\t\t<div class=\"elementor-element elementor-element-fe9e8a8 e-con-full e-flex e-con e-child\" data-id=\"fe9e8a8\" data-element_type=\"container\" data-settings=\"{&quot;background_background&quot;:&quot;classic&quot;}\">\n\t\t\t\t<div class=\"elementor-element elementor-element-9ae0382 elementor-widget elementor-widget-heading\" data-id=\"9ae0382\" data-element_type=\"widget\" data-widget_type=\"heading.default\">\n\t\t\t\t\t<h2 class=\"elementor-heading-title elementor-size-default\"><a href=\"#stand-planung\">Stand der Planung<\/a><\/h2>\t\t\t\t<\/div>\n\t\t\t\t<\/div>\n\t\t\t\t<\/div>\n\t\t\t\t\t<\/div>\n\t\t\t\t<\/div>\n\t\t<div class=\"elementor-element elementor-element-03f27be e-flex e-con-boxed e-con e-parent\" data-id=\"03f27be\" data-element_type=\"container\">\n\t\t\t\t\t<div class=\"e-con-inner\">\n\t\t\t\t<div class=\"elementor-element elementor-element-4cb4a68 elementor-widget elementor-widget-menu-anchor\" data-id=\"4cb4a68\" data-element_type=\"widget\" data-widget_type=\"menu-anchor.default\">\n\t\t\t\t\t\t\t<div class=\"elementor-menu-anchor\" id=\"ausgangsidee\"><\/div>\n\t\t\t\t\t\t<\/div>\n\t\t\t\t<div class=\"elementor-element elementor-element-79ea975 elementor-widget elementor-widget-heading\" data-id=\"79ea975\" data-element_type=\"widget\" data-widget_type=\"heading.default\">\n\t\t\t\t\t<h6 class=\"elementor-heading-title elementor-size-default\">Ausgangsidee<\/h6>\t\t\t\t<\/div>\n\t\t\t\t<div class=\"elementor-element elementor-element-5022dff elementor-widget-laptop__width-initial elementor-widget elementor-widget-text-editor\" data-id=\"5022dff\" data-element_type=\"widget\" data-widget_type=\"text-editor.default\">\n\t\t\t\t\t\t\t\t\t<p class=\"s8\"><span class=\"s5\">Die Ausgangsidee von<\/span><span class=\"s5\">\u00a0<\/span><em><span class=\"s6\">Inklusiv Wunnen<\/span><span class=\"s5\">\u00a0<\/span><\/em><span class=\"s6\"><em>a Liewen<\/em> <\/span>\u00a0<span class=\"s5\">entstand aus einer einfachen, aber entscheidenden Beobachtung:<\/span><span class=\"s5\"><br \/><\/span><span class=\"s7\">Menschen mit und ohne Behinderung leben meist <\/span><span class=\"s7\">voneinander <\/span><span class=\"s7\">getrennt \u2013 obwohl sie viel voneinander lernen k\u00f6nnten.<\/span><\/p><p class=\"s10\"><span class=\"s5\">Echte Inklusion entsteht dort, wo Menschen ihren Alltag teilen.<\/span><span class=\"s5\"><br \/><\/span><span class=\"s5\">Deshalb m\u00f6chten wir<\/span><span class=\"s5\">\u00a0<\/span><span class=\"s9\"> Wohnformen schaffen<\/span><span class=\"s5\">, in denen<\/span><span class=\"s5\">\u00a0<\/span><span class=\"s9\">Vielfalt selbstverst\u00e4ndlich<\/span><span class=\"s5\">\u00a0<\/span><span class=\"s5\">ist.<\/span><\/p><p class=\"s10\"><span class=\"s5\">Nicht als soziales Experiment, sondern als<\/span><span class=\"s5\">\u00a0<\/span><span class=\"s9\">lebensnahe, stabile Wohnl\u00f6sung<\/span><span class=\"s5\">\u00a0<\/span><span class=\"s5\">f\u00fcr alle, die Gemeinschaft suchen \u2013 mit oder ohne Unterst\u00fctzungsbedarf.<\/span><\/p><p class=\"s13\"><span class=\"s11\">Betreuung<\/span> <span class=\"s12\">wird<\/span> durch<span class=\"s11\"> Assistenz <\/span>ersetzt und soziale Kontakte entwickeln sich unabh\u00e4ngig von Beeintr\u00e4chtigungen.<\/p><p class=\"s4\"><span class=\"s14\">Die Assistenz kann in vielen F\u00e4llen<\/span> von Menschen ohne spezifische Ausbildung gew\u00e4hrleistet werden. Der Bedarf an professioneller <span class=\"s14\">Assistenz<\/span> verringert sich und konzentriert sich weitgehend auf Koordination und Unterst\u00fctzung des Inklusionsprozesses.<\/p><p class=\"s4\">Das Zusammenleben zwischen Menschen mit und ohne Beeintr\u00e4chtigungen wird zur Selbstverst\u00e4ndlichkeit, wie erfolgreiche vergleichbare Projekte in Deutschland gezeigt haben.<\/p>\t\t\t\t\t\t\t\t<\/div>\n\t\t\t\t\t<\/div>\n\t\t\t\t<\/div>\n\t\t<div class=\"elementor-element elementor-element-6738408 e-flex e-con-boxed e-con e-parent\" data-id=\"6738408\" data-element_type=\"container\">\n\t\t\t\t\t<div class=\"e-con-inner\">\n\t\t\t\t<div class=\"elementor-element elementor-element-bb9c588 elementor-widget elementor-widget-menu-anchor\" data-id=\"bb9c588\" data-element_type=\"widget\" data-widget_type=\"menu-anchor.default\">\n\t\t\t\t\t\t\t<div class=\"elementor-menu-anchor\" id=\"entwurf\"><\/div>\n\t\t\t\t\t\t<\/div>\n\t\t\t\t<div class=\"elementor-element elementor-element-f7714c0 elementor-widget elementor-widget-heading\" data-id=\"f7714c0\" data-element_type=\"widget\" data-widget_type=\"heading.default\">\n\t\t\t\t\t<h6 class=\"elementor-heading-title elementor-size-default\">Projekt Inklusive WG<\/h6>\t\t\t\t<\/div>\n\t\t\t\t<div class=\"elementor-element elementor-element-84a429c elementor-widget__width-initial elementor-widget elementor-widget-heading\" data-id=\"84a429c\" data-element_type=\"widget\" data-widget_type=\"heading.default\">\n\t\t\t\t\t<h6 class=\"elementor-heading-title elementor-size-default\">Wohnen wie alle anderen auch<\/h6>\t\t\t\t<\/div>\n\t\t\t\t<div class=\"elementor-element elementor-element-4303ed9 elementor-widget elementor-widget-text-editor\" data-id=\"4303ed9\" data-element_type=\"widget\" data-widget_type=\"text-editor.default\">\n\t\t\t\t\t\t\t\t\t<ul><li>Sich selbst bestimmen<\/li><li>Menschen kennenlernen<\/li><li>Freizeit miteinander verbringen<\/li><li>Sich zugeh\u00f6rig f\u00fchlen<\/li><li>Wertsch\u00e4tzung erleben<\/li><li>Gemeinsam den Haushalt rocken<\/li><li>In einer Wohngemeinschaft f\u00fcr Menschen mit und ohne Beeintr\u00e4chtigung<\/li><\/ul>\t\t\t\t\t\t\t\t<\/div>\n\t\t\t\t<div class=\"elementor-element elementor-element-a674ce6 elementor-widget__width-initial elementor-widget elementor-widget-heading\" data-id=\"a674ce6\" data-element_type=\"widget\" data-widget_type=\"heading.default\">\n\t\t\t\t\t<h6 class=\"elementor-heading-title elementor-size-default\">Soziale Kontakte ohne Segregation f\u00fcr alle: Diversit\u00e4t erleben<\/h6>\t\t\t\t<\/div>\n\t\t\t\t<div class=\"elementor-element elementor-element-7992c2d elementor-widget elementor-widget-text-editor\" data-id=\"7992c2d\" data-element_type=\"widget\" data-widget_type=\"text-editor.default\">\n\t\t\t\t\t\t\t\t\t<p class=\"s4\">Alle Menschen sind gleich, haben jedoch unterschiedliche Eigenschaften und F\u00e4higkeiten. Dies als selbstverst\u00e4ndlich zu leben ist die Basis einer gleichberechtigten<span class=\"s11\">,<\/span> toleranten und solidarischen Gesellschaft. <span class=\"s10\">Genau <\/span><span class=\"s10\">dies<\/span> <span class=\"s10\">wird hier <\/span><span class=\"s10\">im Alltag <\/span>gelebt.<\/p>\t\t\t\t\t\t\t\t<\/div>\n\t\t\t\t<div class=\"elementor-element elementor-element-8a7a2e5 elementor-widget__width-initial elementor-widget elementor-widget-heading\" data-id=\"8a7a2e5\" data-element_type=\"widget\" data-widget_type=\"heading.default\">\n\t\t\t\t\t<h6 class=\"elementor-heading-title elementor-size-default\">Empowerment f\u00fcr alle: Lernen durch Leben<\/h6>\t\t\t\t<\/div>\n\t\t\t\t<div class=\"elementor-element elementor-element-13e7a5e elementor-widget elementor-widget-text-editor\" data-id=\"13e7a5e\" data-element_type=\"widget\" data-widget_type=\"text-editor.default\">\n\t\t\t\t\t\t\t\t\t<p class=\"s4\"><span class=\"s10\">Jeder Mensch m<\/span><span class=\"s10\">u<\/span><span class=\"s10\">ss sich weiterentwi<\/span><span class=\"s10\">c<\/span><span class=\"s10\">keln d\u00fcrfen<\/span><span class=\"s10\">. <\/span>Neues lernen. <span class=\"s10\">D<\/span><span class=\"s10\">ies <\/span><span class=\"s10\">geschieht<\/span><span class=\"s10\"> in <\/span>unserer WG. Nicht durch schulisches Lernen, sondern durch Leben. Durch Erfahrung. Durch gegenseitige Unterst\u00fctzung. Menschen mit und ohne Beeintr\u00e4chtigung entwickeln sich durch das Zusammenleben im Alltag weiter.<\/p>\t\t\t\t\t\t\t\t<\/div>\n\t\t\t\t<div class=\"elementor-element elementor-element-a6c4d5f elementor-widget__width-initial elementor-widget elementor-widget-heading\" data-id=\"a6c4d5f\" data-element_type=\"widget\" data-widget_type=\"heading.default\">\n\t\t\t\t\t<h6 class=\"elementor-heading-title elementor-size-default\">Begleiten auf Augenh\u00f6he<\/h6>\t\t\t\t<\/div>\n\t\t\t\t<div class=\"elementor-element elementor-element-3324866 elementor-widget elementor-widget-text-editor\" data-id=\"3324866\" data-element_type=\"widget\" data-widget_type=\"text-editor.default\">\n\t\t\t\t\t\t\t\t\t<p class=\"s4\">Menschen mit Beeintr\u00e4chtigungen brauchen Unterst\u00fctzung. <span class=\"s10\">D<\/span><span class=\"s10\">iese<\/span> <span class=\"s10\">b<\/span>ekommen sie weitestgehend durch ihre MitbewohnerInnen. Auch Menschen ohne Beeintr\u00e4chtigung brauchen Hilfe. Sei es nur beim Kochen und beim Abwasch. Sie erleben, dass nicht jeder die gleichen F\u00e4higkeiten hat, jedoch den gleichen Wert. Alle entwickeln soziale Kompetenzen &#8211; erweitern ihre sozialen Kompetenzen.<\/p>\t\t\t\t\t\t\t\t<\/div>\n\t\t\t\t\t<\/div>\n\t\t\t\t<\/div>\n\t\t<div class=\"elementor-element elementor-element-e621039 e-flex e-con-boxed e-con e-parent\" data-id=\"e621039\" data-element_type=\"container\">\n\t\t\t\t\t<div class=\"e-con-inner\">\n\t\t\t\t<div class=\"elementor-element elementor-element-22a2849 elementor-widget elementor-widget-heading\" data-id=\"22a2849\" data-element_type=\"widget\" data-widget_type=\"heading.default\">\n\t\t\t\t\t<h2 class=\"elementor-heading-title elementor-size-default\">Charakteristiken der Inklusiven WG <\/h2>\t\t\t\t<\/div>\n\t\t<div class=\"elementor-element elementor-element-111c025 e-con-full e-flex e-con e-child\" data-id=\"111c025\" data-element_type=\"container\">\n\t\t<div class=\"elementor-element elementor-element-35b8787 e-grid e-con-full e-con e-child\" data-id=\"35b8787\" data-element_type=\"container\">\n\t\t<div class=\"elementor-element elementor-element-f74dd05 e-con-full e-flex e-con e-child\" data-id=\"f74dd05\" data-element_type=\"container\" data-settings=\"{&quot;background_background&quot;:&quot;classic&quot;}\">\n\t\t\t\t<div class=\"elementor-element elementor-element-8233bdf elementor-widget elementor-widget-heading\" data-id=\"8233bdf\" data-element_type=\"widget\" data-widget_type=\"heading.default\">\n\t\t\t\t\t<h2 class=\"elementor-heading-title elementor-size-default\">Hauptzielsetzungen<\/h2>\t\t\t\t<\/div>\n\t\t\t\t<div class=\"elementor-element elementor-element-beb61b9 elementor-widget elementor-widget-text-editor\" data-id=\"beb61b9\" data-element_type=\"widget\" data-widget_type=\"text-editor.default\">\n\t\t\t\t\t\t\t\t\t<div class=\"s16\"><span class=\"s15\">\u2022 <\/span>Alternative zum Leben in Wohnheimen, zum Leben im Elternhaus und zum Alleinleben<\/div><div>\u00a0<\/div><div class=\"s16\"><span class=\"s15\">\u2022 <\/span>Entwickeln der Autonomie<\/div><div>\u00a0<\/div><div class=\"s16\"><span class=\"s15\">\u2022 <\/span>Verantwortung f\u00fcr sich und andere \u00fcbernehmen<\/div><div>\u00a0<\/div><div class=\"s16\"><span class=\"s15\">\u2022 <\/span>Demokratische Entscheidungsfindung zwischen Menschen mit unterschiedlichen F\u00e4higkeiten<\/div><div>\u00a0<\/div><div class=\"s16\"><span class=\"s15\">\u2022 <\/span>Partizipation<\/div><div>\u00a0<\/div><div class=\"s16\"><span class=\"s15\">\u2022 <\/span>Empowerment aller<\/div><div>\u00a0<\/div><div class=\"s16\"><span class=\"s15\">\u2022 <\/span>Soziale Kompetenzen in einem normalisierten Ambiente entwickeln<\/div><p class=\"s14\">\u00a0<\/p>\t\t\t\t\t\t\t\t<\/div>\n\t\t\t\t<\/div>\n\t\t<div class=\"elementor-element elementor-element-92f6c40 e-con-full e-flex e-con e-child\" data-id=\"92f6c40\" data-element_type=\"container\" data-settings=\"{&quot;background_background&quot;:&quot;classic&quot;}\">\n\t\t\t\t<div class=\"elementor-element elementor-element-96d2cb7 elementor-widget elementor-widget-heading\" data-id=\"96d2cb7\" data-element_type=\"widget\" data-widget_type=\"heading.default\">\n\t\t\t\t\t<h2 class=\"elementor-heading-title elementor-size-default\">Zielgruppen<\/h2>\t\t\t\t<\/div>\n\t\t\t\t<div class=\"elementor-element elementor-element-6791acc elementor-widget elementor-widget-text-editor\" data-id=\"6791acc\" data-element_type=\"widget\" data-widget_type=\"text-editor.default\">\n\t\t\t\t\t\t\t\t\t<div class=\"s16\">\n<p class=\"s4\">Erwachsene <span class=\"s17\">Menschen mit <\/span><span class=\"s17\">Assistenzbedarf<\/span>, die selbstbestimmt in einer Gemeinschaft leben m\u00f6chten und Assistenz ben\u00f6tigen, <span class=\"s10\">welche<\/span> gr\u00f6\u00dftenteils von ihren Mitbewohnern \u00fcbernommen werden kann.<\/p>\n<p class=\"s4\">Junge erwachsene <span class=\"s17\">Menschen <\/span><span class=\"s17\">ohne Assistenzbedarf<\/span>, welche motiviert sind in einer inklusiven Wohngemeinschaft auf Augenh\u00f6he zu leben und Assistenz zu leisten. Im Gegenzug erhalten sie eine starke Mietreduktion.<\/p>\n<\/div>\t\t\t\t\t\t\t\t<\/div>\n\t\t\t\t<\/div>\n\t\t<div class=\"elementor-element elementor-element-bb0dc33 e-con-full e-flex e-con e-child\" data-id=\"bb0dc33\" data-element_type=\"container\" data-settings=\"{&quot;background_background&quot;:&quot;classic&quot;}\">\n\t\t\t\t<div class=\"elementor-element elementor-element-a474997 elementor-widget elementor-widget-heading\" data-id=\"a474997\" data-element_type=\"widget\" data-widget_type=\"heading.default\">\n\t\t\t\t\t<h2 class=\"elementor-heading-title elementor-size-default\">Funktionsweise<\/h2>\t\t\t\t<\/div>\n\t\t\t\t<div class=\"elementor-element elementor-element-2f2c3c6 elementor-widget elementor-widget-text-editor\" data-id=\"2f2c3c6\" data-element_type=\"widget\" data-widget_type=\"text-editor.default\">\n\t\t\t\t\t\t\t\t\t<div class=\"s16\"><div class=\"s16\"><span class=\"s15\">\u2022 <\/span>5 Menschen mit Assistenzbedarf leben mit 4 Menschen ohne Assistenzbedarf. Ein professioneller Koordinator steht der Inklusiven WG stundenweise zur Seite.<\/div><div>\u00a0<\/div><div class=\"s16\"><span class=\"s15\">\u2022 <\/span>Alle <span class=\"s10\">Bewohner<\/span><span class=\"s10\">Innen<\/span> beteiligen sich an der Planung und Gestaltung des Alltags. Turnusgem\u00e4ss \u00fcbernimmt je ein Team, bestehend aus einem Menschen mit und einem ohne Assistenzbedarf die Verantwortung f\u00fcr die Vorbereitung der Mahlzeiten.<\/div><div>\u00a0<\/div><div class=\"s16\"><span class=\"s15\">\u2022 <\/span>Ein Mensch ohne Assistenzbedarf hat jeweils nachts Rufbereitschaft.<\/div><div>\u00a0<\/div><div class=\"s16\"><span class=\"s15\">\u2022 <\/span>Die WG trifft Entscheidungen demokratisch. Der Ablauf dieser Versammlungen soll daf\u00fcr sorgen, dass jeder zu Wort kommt und valorisiert wird.<\/div><div>\u00a0<\/div><div class=\"s16\"><span class=\"s15\">\u2022 <\/span>Freizeitaktivit\u00e4ten unterst\u00fctzen den sozialen Zusammenhalt.<\/div><\/div>\t\t\t\t\t\t\t\t<\/div>\n\t\t\t\t<\/div>\n\t\t\t\t<\/div>\n\t\t\t\t<\/div>\n\t\t\t\t\t<\/div>\n\t\t\t\t<\/div>\n\t\t<div class=\"elementor-element elementor-element-bc2f28e e-flex e-con-boxed e-con e-parent\" data-id=\"bc2f28e\" data-element_type=\"container\">\n\t\t\t\t\t<div class=\"e-con-inner\">\n\t\t<div class=\"elementor-element elementor-element-25a6ffb e-con-full e-flex e-con e-child\" data-id=\"25a6ffb\" data-element_type=\"container\" data-settings=\"{&quot;background_background&quot;:&quot;classic&quot;}\">\n\t\t\t\t<div class=\"elementor-element elementor-element-39565fd elementor-widget elementor-widget-heading\" data-id=\"39565fd\" data-element_type=\"widget\" data-widget_type=\"heading.default\">\n\t\t\t\t\t<h2 class=\"elementor-heading-title elementor-size-default\">Philosophie<\/h2>\t\t\t\t<\/div>\n\t\t\t\t<div class=\"elementor-element elementor-element-f5b185d elementor-widget elementor-widget-text-editor\" data-id=\"f5b185d\" data-element_type=\"widget\" data-widget_type=\"text-editor.default\">\n\t\t\t\t\t\t\t\t\t<div class=\"s16\"><div class=\"s16\"><div class=\"s16\"><span class=\"s15\">\u2022 <\/span>Zusammenleben auf Augenh\u00f6he von Menschen mit unterschiedlichen F\u00e4higkeiten, M\u00f6glichkeiten und Bed\u00fcrfnissen<\/div><div>\u00a0<\/div><div class=\"s16\"><span class=\"s15\">\u2022 <\/span>Normalisierungsprinzip<\/div><div>\u00a0<\/div><div class=\"s16\"><span class=\"s15\">\u2022 <\/span>Empowerment und Selbstbem\u00e4chtigung<\/div><div>\u00a0<\/div><div class=\"s16\"><span class=\"s15\">\u2022 <\/span>Lebens- und Sozialraumorientierung<\/div><div>\u00a0<\/div><div class=\"s16\"><span class=\"s15\">\u2022 <\/span>Solidarit\u00e4t, Selbstbestimmung und gegenseitiger Respekt<\/div><\/div><\/div>\t\t\t\t\t\t\t\t<\/div>\n\t\t\t\t<\/div>\n\t\t\t\t\t<\/div>\n\t\t\t\t<\/div>\n\t\t<div class=\"elementor-element elementor-element-4439e15 e-flex e-con-boxed e-con e-parent\" data-id=\"4439e15\" data-element_type=\"container\">\n\t\t\t\t\t<div class=\"e-con-inner\">\n\t\t\t\t<div class=\"elementor-element elementor-element-2bf35d9 elementor-widget elementor-widget-menu-anchor\" data-id=\"2bf35d9\" data-element_type=\"widget\" data-widget_type=\"menu-anchor.default\">\n\t\t\t\t\t\t\t<div class=\"elementor-menu-anchor\" id=\"stand-planung\"><\/div>\n\t\t\t\t\t\t<\/div>\n\t\t\t\t<div class=\"elementor-element elementor-element-36488f1 elementor-widget elementor-widget-heading\" data-id=\"36488f1\" data-element_type=\"widget\" data-widget_type=\"heading.default\">\n\t\t\t\t\t<h2 class=\"elementor-heading-title elementor-size-default\">Stand der Planung 2026 (Anfang)<\/h2>\t\t\t\t<\/div>\n\t\t\t\t<div class=\"elementor-element elementor-element-cdac602 elementor-widget elementor-widget-text-editor\" data-id=\"cdac602\" data-element_type=\"widget\" data-widget_type=\"text-editor.default\">\n\t\t\t\t\t\t\t\t\t<p>Das Projekt wird vom Familienministerium und vom Wohnungsbauministerium unterst\u00fctzt.\u00a0<\/p><p>Die erste Wohneinheit wird in einem Geb\u00e4ude der SNHBM auf Kirchberg im Laufe 2028 er\u00f6ffnet.<\/p>\t\t\t\t\t\t\t\t<\/div>\n\t\t\t\t\t<\/div>\n\t\t\t\t<\/div>\n\t\t\t\t<\/div>","protected":false},"excerpt":{"rendered":"<p>Inklusiv Wunnen Ausgangsidee Projekt Inklusive WG Stand der Planung Ausgangsidee Die Ausgangsidee von\u00a0Inklusiv Wunnen\u00a0a Liewen \u00a0entstand aus einer einfachen, aber entscheidenden Beobachtung:Menschen mit und ohne Behinderung leben meist voneinander getrennt \u2013 obwohl sie viel voneinander lernen k\u00f6nnten. Echte Inklusion entsteht dort, wo Menschen ihren Alltag teilen.Deshalb m\u00f6chten wir\u00a0 Wohnformen schaffen, in denen\u00a0Vielfalt selbstverst\u00e4ndlich\u00a0ist. Nicht als [&hellip;]<\/p>","protected":false},"author":1,"featured_media":0,"parent":0,"menu_order":0,"comment_status":"closed","ping_status":"closed","template":"","meta":{"footnotes":""},"class_list":["post-574","page","type-page","status-publish","hentry"],"_links":{"self":[{"href":"https:\/\/wunnen.mtcluxemburg.co\/fr\/wp-json\/wp\/v2\/pages\/574","targetHints":{"allow":["GET"]}}],"collection":[{"href":"https:\/\/wunnen.mtcluxemburg.co\/fr\/wp-json\/wp\/v2\/pages"}],"about":[{"href":"https:\/\/wunnen.mtcluxemburg.co\/fr\/wp-json\/wp\/v2\/types\/page"}],"author":[{"embeddable":true,"href":"https:\/\/wunnen.mtcluxemburg.co\/fr\/wp-json\/wp\/v2\/users\/1"}],"replies":[{"embeddable":true,"href":"https:\/\/wunnen.mtcluxemburg.co\/fr\/wp-json\/wp\/v2\/comments?post=574"}],"version-history":[{"count":5,"href":"https:\/\/wunnen.mtcluxemburg.co\/fr\/wp-json\/wp\/v2\/pages\/574\/revisions"}],"predecessor-version":[{"id":1486,"href":"https:\/\/wunnen.mtcluxemburg.co\/fr\/wp-json\/wp\/v2\/pages\/574\/revisions\/1486"}],"wp:attachment":[{"href":"https:\/\/wunnen.mtcluxemburg.co\/fr\/wp-json\/wp\/v2\/media?parent=574"}],"curies":[{"name":"wp","href":"https:\/\/api.w.org\/{rel}","templated":true}]}}